{"id":36700,"date":"2021-12-15T11:14:38","date_gmt":"2021-12-15T11:14:38","guid":{"rendered":"https:\/\/ra-vogeler.de\/imprint\/"},"modified":"2024-01-08T15:01:53","modified_gmt":"2024-01-08T15:01:53","slug":"imprint","status":"publish","type":"page","link":"https:\/\/ra-vogeler.de\/en\/imprint\/","title":{"rendered":"Imprint"},"content":{"rendered":"<p>[et_pb_section fb_built=&#8221;1&#8243; custom_padding_last_edited=&#8221;off|desktop&#8221; _builder_version=&#8221;4.16&#8243; _module_preset=&#8221;default&#8221; background_color=&#8221;#05285F&#8221; background_enable_image=&#8221;off&#8221; background_size=&#8221;contain&#8221; background_position=&#8221;top_right&#8221; custom_margin=&#8221;0px||0px||false|false&#8221; custom_padding=&#8221;0px||0px||false|false&#8221; custom_padding_tablet=&#8221;104px||47px|||&#8221; custom_padding_phone=&#8221;||47px||false|false&#8221; background_last_edited=&#8221;on|desktop&#8221; background_enable_image_phone=&#8221;off&#8221; background_size_tablet=&#8221;contain&#8221; background_position_tablet=&#8221;top_right&#8221; locked=&#8221;off&#8221; global_colors_info=&#8221;{}&#8221;][et_pb_row column_structure=&#8221;1_2,1_2&#8243; make_equal=&#8221;on&#8221; custom_padding_last_edited=&#8221;off|desktop&#8221; _builder_version=&#8221;4.16&#8243; _module_preset=&#8221;default&#8221; background_color=&#8221;RGBA(255,255,255,0)&#8221; height_tablet=&#8221;auto&#8221; height_phone=&#8221;auto&#8221; height_last_edited=&#8221;off|desktop&#8221; max_height=&#8221;355px&#8221; max_height_tablet=&#8221;none&#8221; max_height_phone=&#8221;none&#8221; max_height_last_edited=&#8221;on|tablet&#8221; custom_margin=&#8221;0px||0px||false|false&#8221; custom_margin_tablet=&#8221;||0px||false|false&#8221; custom_margin_last_edited=&#8221;off|desktop&#8221; custom_padding=&#8221;0px||0px||false|false&#8221; custom_padding_tablet=&#8221;100px||0px||false|false&#8221; custom_padding_phone=&#8221;85px||20px||false|false&#8221; custom_css_main_element=&#8221;display: flex;||flex-wrap: wrap;&#8221; global_colors_info=&#8221;{}&#8221;][et_pb_column type=&#8221;1_2&#8243; _builder_version=&#8221;4.16&#8243; _module_preset=&#8221;default&#8221; custom_padding=&#8221;0px|0px|0px|0px|false|false&#8221; custom_css_main_element=&#8221;margin-top: auto;&#8221; global_colors_info=&#8221;{}&#8221; custom_css_main_element_last_edited=&#8221;on|desktop&#8221; custom_css_main_element_phone=&#8221;order: 2;&#8221; custom_css_main_element_tablet=&#8221;order: 2;&#8221;][et_pb_text _builder_version=&#8221;4.16&#8243; _module_preset=&#8221;default&#8221; header_font=&#8221;NewPanam|500|||||||&#8221; header_text_align=&#8221;left&#8221; header_text_color=&#8221;#FFFFFF&#8221; header_font_size=&#8221;48px&#8221; max_width=&#8221;1098px&#8221; module_alignment=&#8221;left&#8221; custom_padding=&#8221;|||0px||&#8221; header_font_size_tablet=&#8221;32px&#8221; header_font_size_phone=&#8221;30px&#8221; header_font_size_last_edited=&#8221;on|tablet&#8221; global_colors_info=&#8221;{}&#8221;]<\/p>\n<h1>Imprint<\/h1>\n<p>[\/et_pb_text][et_pb_text _builder_version=&#8221;4.16&#8243; _module_preset=&#8221;default&#8221; text_text_color=&#8221;#7f95b1&#8243; header_font=&#8221;NewPanam|500|||||||&#8221; header_text_align=&#8221;left&#8221; header_text_color=&#8221;#7f95b1&#8243; header_font_size=&#8221;48px&#8221; max_width=&#8221;1098px&#8221; module_alignment=&#8221;left&#8221; custom_margin=&#8221;0px||0px||false|false&#8221; custom_margin_tablet=&#8221;0px||0px||false|false&#8221; custom_margin_phone=&#8221;&#8221; custom_margin_last_edited=&#8221;on|tablet&#8221; custom_padding=&#8221;|||0px||&#8221; custom_padding_tablet=&#8221;||0px|0px|false|false&#8221; custom_padding_phone=&#8221;&#8221; custom_padding_last_edited=&#8221;on|tablet&#8221; header_font_size_tablet=&#8221;32px&#8221; header_font_size_phone=&#8221;30px&#8221; header_font_size_last_edited=&#8221;on|phone&#8221; header_line_height_tablet=&#8221;&#8221; header_line_height_phone=&#8221;1.3em&#8221; header_line_height_last_edited=&#8221;on|phone&#8221; global_colors_info=&#8221;{}&#8221;]<\/p>\n<h1>Angaben gem\u00e4\u00df \u00a7 5 TMG und \u00a7 2 DL-InfoV<\/h1>\n<p>[\/et_pb_text][\/et_pb_column][et_pb_column type=&#8221;1_2&#8243; _builder_version=&#8221;4.16&#8243; _module_preset=&#8221;default&#8221; custom_padding=&#8221;0px||0px||false|false&#8221; custom_padding_phone=&#8221;||135px||false|false&#8221; custom_padding_last_edited=&#8221;off|tablet&#8221; background_last_edited=&#8221;on|phone&#8221; background_enable_image_phone=&#8221;off&#8221; background_size_phone=&#8221;contain&#8221; background_position_phone=&#8221;top_right&#8221; global_colors_info=&#8221;{}&#8221; custom_css_main_element_last_edited=&#8221;on|phone&#8221; custom_css_main_element_tablet=&#8221;order: 1;&#8221; custom_css_main_element_phone=&#8221;order: 1;&#8221;][et_pb_image src=&#8221;https:\/\/ra-vogeler.de\/wp-content\/uploads\/2022\/05\/vogeler-impressum-hero.svg&#8221; title_text=&#8221;vogeler-impressum-hero&#8221; show_bottom_space=&#8221;off&#8221; align=&#8221;right&#8221; disabled_on=&#8221;off|off|off&#8221; _builder_version=&#8221;4.16&#8243; _module_preset=&#8221;default&#8221; position_origin_a=&#8221;top_right&#8221; width=&#8221;100%&#8221; max_height_tablet=&#8221;&#8221; max_height_phone=&#8221;135px&#8221; max_height_last_edited=&#8221;on|phone&#8221; custom_margin_tablet=&#8221;&#8221; custom_margin_phone=&#8221;18px|-100px|||false|false&#8221; custom_margin_last_edited=&#8221;on|phone&#8221; locked=&#8221;off&#8221; global_colors_info=&#8221;{}&#8221;][\/et_pb_image][\/et_pb_column][\/et_pb_row][\/et_pb_section][et_pb_section fb_built=&#8221;1&#8243; custom_padding_last_edited=&#8221;on|desktop&#8221; disabled_on=&#8221;off|off|off&#8221; _builder_version=&#8221;4.16&#8243; _module_preset=&#8221;default&#8221; background_color=&#8221;#05285F&#8221; background_enable_image=&#8221;off&#8221; background_size=&#8221;contain&#8221; background_position=&#8221;top_right&#8221; custom_padding=&#8221;0px||50px||false|false&#8221; custom_padding_tablet=&#8221;0px||50px||false|false&#8221; custom_padding_phone=&#8221;0px||40px||false|false&#8221; collapsed=&#8221;off&#8221; global_colors_info=&#8221;{}&#8221;][et_pb_row _builder_version=&#8221;4.16&#8243; _module_preset=&#8221;default&#8221; global_colors_info=&#8221;{}&#8221;][et_pb_column type=&#8221;4_4&#8243; _builder_version=&#8221;4.16&#8243; _module_preset=&#8221;default&#8221; global_colors_info=&#8221;{}&#8221;][et_pb_text _builder_version=&#8221;4.19.2&#8243; _module_preset=&#8221;795f00c6-e769-4043-a7bb-2bbf6e81a3a8&#8243; link_text_color=&#8221;#FFFFFF&#8221; custom_padding=&#8221;|20%|||false|false&#8221; custom_padding_tablet=&#8221;|20%|||false|false&#8221; custom_padding_phone=&#8221;|0%|||false|false&#8221; custom_padding_last_edited=&#8221;on|phone&#8221; hover_enabled=&#8221;0&#8243; text_font_size_last_edited=&#8221;off|phone&#8221; global_colors_info=&#8221;{}&#8221; sticky_enabled=&#8221;0&#8243;]<\/p>\n<h4>Betreiber und Kontaktdaten<\/h4>\n<p>Vogeler Rechtsanw\u00e4lte Partnerschaft mbB<\/p>\n<p>Brehmstra\u00dfe 1<br \/>30173 Hannover<br \/>Telefon: (0511) 270 465 60<br \/>Telefax: (0511) 270 465 99<\/p>\n<p>E-Mail: info@ra-vogeler.de<\/p>\n<p>Umsatzsteueridentifikationsnummer: DE 321797318 Finanzamt Hannover S\u00fcd<\/p>\n<h4>Konzept &amp; Design<\/h4>\n<p>ma\u00f1ana Designstudio, D\u00fcsseldorf <br \/><a href=\"https:\/\/www.maniana.design\/\" target=\"_blank\" rel=\"noopener\">www.maniana.design<\/a><\/p>\n<h4>Programmierung<\/h4>\n<p>M\u00f6llering Design, Hamburg<br \/>moellering.design<\/p>\n<h4>Text<\/h4>\n<p>Bernd B\u00fccker, D\u00fcsseldorf<br \/><a href=\"https:\/\/freshfruitcom.de\/\" target=\"_blank\" rel=\"noopener\">www.freshfruitcom.de<\/a><\/p>\n<h4>Fotos<\/h4>\n<p>Bilder Hannover unter Kanzlei Standort<br \/>www.unsplash.com<\/p>\n<h4>Einzelvertretungsberechtigte Partner<\/h4>\n<p>Dr. Michael Vogeler<br \/>Dr. Marcus Vogeler<br \/>Dr. Andreas Vogeler<\/p>\n<p>Gesellschaftsform: Partnerschaftsgesellschaft mit beschr\u00e4nkter Berufshaftung (PartG mbB)<br \/>Partnerschaftsregister Hannover, Registergericht: Amtsgericht Hannover PR 201116<\/p>\n<h4>Aufsichtsbeh\u00f6rde der Rechtsanw\u00e4lte<\/h4>\n<p>Rechtsanwaltskammer Celle<br \/>Bahnhofstrasse 5<br \/>29221 Celle<br \/>www.rakcelle.de<\/p>\n<p>Als Rechtsanw\u00e4lte sind die Betreiber Mitglieder der Rechtsanwaltskammer Celle, Bahnhofstrasse 5, 29221 Celle. Sie unterliegen berufsrechtlichen Regelungen. Die wichtigsten sind:<\/p>\n<p>BORA (Berufsordnung f\u00fcr Rechtsanw\u00e4lte)<br \/>BRAO (Bundesrechtsanwaltsordnung)<br \/>BRAGO (Bundesgeb\u00fchrenordnung f\u00fcr Rechtsanw\u00e4lte)<br \/>FAO (Fachanwaltsordnung)<br \/>RVG (Rechtsanwaltsverg\u00fctungsgesetz)<\/p>\n<p>Detaillierte Angaben sowie alle relevanten Vorschriften werden von der Bundesrechtsanwaltskammer unter http:\/\/www.brak.de\/seiten\/06.phpbereitgehalten.<\/p>\n<p>Plattform der EU zur au\u00dfergerichtlichen Online-Streitbeilegung<\/p>\n<p>http:\/\/ec.europa.eu\/costumers\/odr<\/p>\n<h4>Berufshaftpflichtversicherung<\/h4>\n<p>Die Berufshaftpflichtversicherung besteht \u00fcber die VGH-Versicherung, Schiffgraben 4, 31159 Hannover. Der r\u00e4umliche Geltungsbereich des Versicherungsschutzes umfasst T\u00e4tigkeiten in Europa und gen\u00fcgt damit mindestens den Anforderungen der Vorschriften gem\u00e4\u00df \u00a7 51 Bundesrechtsanwaltsordnung (BRAO).<\/p>\n<p>Ver\u00f6ffentlichte Links werden mit gr\u00f6\u00dftm\u00f6glicher Sorgfalt recherchiert und zusammengestellt. Die Betreiber haben keinen Einfluss auf die aktuelle und zuk\u00fcnftige Gestaltung und Inhalte der verlinkten Seiten. Sie sind somit nicht f\u00fcr den Inhalt der verkn\u00fcpften Seiten verantwortlich und machen sich den Inhalt nicht zu eigen. F\u00fcr illegale, fehlerhafte oder unvollst\u00e4ndige Inhalte sowie f\u00fcr Sch\u00e4den, die durch die Nutzung oder Nichtnutzung der Informationen entstehen, haftet allein der Anbieter der Web-Site, auf die verwiesen wurde. Die Haftung derjenigen, die lediglich auf die Ver\u00f6ffentlichung durch einen Link hinweisen, ist ausgeschlossen. F\u00fcr fremde Hinweise sind die Anbieter nur dann verantwortlich, wenn sie von ihnen, d.h. auch von einem eventuellen rechtswidrigen bzw. strafbaren Inhalt, positive Kenntnis haben und es technisch m\u00f6glich und zumutbar ist, deren Nutzung zu verhindern.<\/p>\n<h4>Hinweise<\/h4>\n<p>Alle Rechte vorbehalten. Texte, Bilder, Grafiken, Sound, Animationen und Videos unterliegen dem Schutz des Urheberrechts und anderer Schutzgesetze. Der Inhalt dieser Website darf nicht zu kommerziellen Zwecken verbreitet oder Dritten zug\u00e4nglich gemacht werden. Irrt\u00fcmer und \u00c4nderungen vorbehalten. Sollten wir auf diesen Seiten Verkn\u00fcpfungen zu anderen Seiten im Internet angelegt haben, so haben wir auf s\u00e4mtliche Links keinerlei Einfluss. Deshalb distanzieren wir uns hiermit ausdr\u00fccklich von allen Inhalten der verkn\u00fcpften Seiten. Diese Erkl\u00e4rung gilt f\u00fcr alle auf dieser Seite ausgebrachten Links und f\u00fcr alle Inhalte der Seiten, zu denen ggf. Banner f\u00fchren.<\/p>\n<p>Die auf den Seiten der Kanzlei abrufbaren Inhalte dienen ausschlie\u00dflich der allgemeinen Information. F\u00fcr die Richtigkeit der Wiedergabe wird keine Gew\u00e4hr \u00fcbernommen. Die Haftung f\u00fcr den Inhalt der abrufbaren Informationen wird ausgeschlossen, soweit es sich nicht um vors\u00e4tzlich oder grob fahrl\u00e4ssig erteilte Falschinformationen handelt.<\/p>\n<p>Ein Mandatsverh\u00e4ltnis kommt weder durch Aufrufen der Inhalte noch durch Zusendung einer E\u2011Mail zustande.<\/p>\n<p>[\/et_pb_text][\/et_pb_column][\/et_pb_row][\/et_pb_section]<\/p>\n<span class=\"et_bloom_bottom_trigger\"><\/span>","protected":false},"excerpt":{"rendered":"<p>ImprintAngaben gem\u00e4\u00df \u00a7 5 TMG und \u00a7 2 DL-InfoVBetreiber und Kontaktdaten Vogeler Rechtsanw\u00e4lte Partnerschaft mbB Brehmstra\u00dfe 130173 HannoverTelefon: (0511) 270 465 60Telefax: (0511) 270 465 99 E-Mail: info@ra-vogeler.de Umsatzsteueridentifikationsnummer: DE 321797318 Finanzamt Hannover S\u00fcd Konzept &amp; Design ma\u00f1ana Designstudio, D\u00fcsseldorf www.maniana.design Programmierung M\u00f6llering Design, Hamburgmoellering.design Text Bernd B\u00fccker, D\u00fcsseldorfwww.freshfruitcom.de Fotos Bilder Hannover unter Kanzlei Standortwww.unsplash.com [&hellip;]<\/p>\n","protected":false},"author":1,"featured_media":0,"parent":0,"menu_order":0,"comment_status":"closed","ping_status":"closed","template":"","meta":{"_acf_changed":false,"_et_pb_use_builder":"on","_et_pb_old_content":"","_et_gb_content_width":"","footnotes":""},"class_list":["post-36700","page","type-page","status-publish","hentry"],"acf":[],"yoast_head":"<!-- This site is optimized with the Yoast SEO plugin v24.6 - https:\/\/yoast.com\/wordpress\/plugins\/seo\/ -->\n<title>Imprint - Vogeler Rechtsanw\u00e4lte<\/title>\n<meta name=\"robots\" content=\"noindex, follow\" \/>\n<meta property=\"og:locale\" content=\"en_US\" \/>\n<meta property=\"og:type\" content=\"article\" \/>\n<meta property=\"og:title\" content=\"Imprint - Vogeler Rechtsanw\u00e4lte\" \/>\n<meta property=\"og:description\" content=\"ImprintAngaben gem\u00e4\u00df \u00a7 5 TMG und \u00a7 2 DL-InfoVBetreiber und Kontaktdaten Vogeler Rechtsanw\u00e4lte Partnerschaft mbB Brehmstra\u00dfe 130173 HannoverTelefon: (0511) 270 465 60Telefax: (0511) 270 465 99 E-Mail: info@ra-vogeler.de Umsatzsteueridentifikationsnummer: DE 321797318 Finanzamt Hannover S\u00fcd Konzept &amp; Design ma\u00f1ana Designstudio, D\u00fcsseldorf www.maniana.design Programmierung M\u00f6llering Design, Hamburgmoellering.design Text Bernd B\u00fccker, D\u00fcsseldorfwww.freshfruitcom.de Fotos Bilder Hannover unter Kanzlei Standortwww.unsplash.com [&hellip;]\" \/>\n<meta property=\"og:site_name\" content=\"Vogeler Rechtsanw\u00e4lte\" \/>\n<meta property=\"article:modified_time\" content=\"2024-01-08T15:01:53+00:00\" \/>\n<meta property=\"og:image\" content=\"https:\/\/ra-vogeler.de\/wp-content\/uploads\/2022\/05\/vogeler_website_visual-schema.jpeg\" \/>\n\t<meta property=\"og:image:width\" content=\"1920\" \/>\n\t<meta property=\"og:image:height\" content=\"1080\" \/>\n\t<meta property=\"og:image:type\" content=\"image\/jpeg\" \/>\n<meta name=\"twitter:card\" content=\"summary_large_image\" \/>\n<meta name=\"twitter:label1\" content=\"Est. reading time\" \/>\n\t<meta name=\"twitter:data1\" content=\"6 minutes\" \/>\n<script type=\"application\/ld+json\" class=\"yoast-schema-graph\">{\"@context\":\"https:\/\/schema.org\",\"@graph\":[{\"@type\":\"WebPage\",\"@id\":\"https:\/\/ra-vogeler.de\/en\/imprint\/\",\"url\":\"https:\/\/ra-vogeler.de\/en\/imprint\/\",\"name\":\"Imprint - Vogeler Rechtsanw\u00e4lte\",\"isPartOf\":{\"@id\":\"https:\/\/ra-vogeler.de\/en\/#website\"},\"datePublished\":\"2021-12-15T11:14:38+00:00\",\"dateModified\":\"2024-01-08T15:01:53+00:00\",\"breadcrumb\":{\"@id\":\"https:\/\/ra-vogeler.de\/en\/imprint\/#breadcrumb\"},\"inLanguage\":\"en-US\",\"potentialAction\":[{\"@type\":\"ReadAction\",\"target\":[\"https:\/\/ra-vogeler.de\/en\/imprint\/\"]}]},{\"@type\":\"BreadcrumbList\",\"@id\":\"https:\/\/ra-vogeler.de\/en\/imprint\/#breadcrumb\",\"itemListElement\":[{\"@type\":\"ListItem\",\"position\":1,\"name\":\"Home\",\"item\":\"https:\/\/ra-vogeler.de\/en\/\"},{\"@type\":\"ListItem\",\"position\":2,\"name\":\"Imprint\"}]},{\"@type\":\"WebSite\",\"@id\":\"https:\/\/ra-vogeler.de\/en\/#website\",\"url\":\"https:\/\/ra-vogeler.de\/en\/\",\"name\":\"Vogeler Rechtsanw\u00e4lte\",\"description\":\"Eine Kanzlei. Zwei Spezialgebiete. Medizin- und Arzthaftungsrecht Internationales Flug- und Transportrecht\",\"publisher\":{\"@id\":\"https:\/\/ra-vogeler.de\/en\/#organization\"},\"potentialAction\":[{\"@type\":\"SearchAction\",\"target\":{\"@type\":\"EntryPoint\",\"urlTemplate\":\"https:\/\/ra-vogeler.de\/en\/?s={search_term_string}\"},\"query-input\":{\"@type\":\"PropertyValueSpecification\",\"valueRequired\":true,\"valueName\":\"search_term_string\"}}],\"inLanguage\":\"en-US\"},{\"@type\":\"Organization\",\"@id\":\"https:\/\/ra-vogeler.de\/en\/#organization\",\"name\":\"Vogeler Rechtsanw\u00e4lte Partnerschaft mbB\",\"url\":\"https:\/\/ra-vogeler.de\/en\/\",\"logo\":{\"@type\":\"ImageObject\",\"inLanguage\":\"en-US\",\"@id\":\"https:\/\/ra-vogeler.de\/en\/#\/schema\/logo\/image\/\",\"url\":\"https:\/\/ra-vogeler.de\/wp-content\/uploads\/2022\/05\/vogeler_website_visual-schema.jpeg\",\"contentUrl\":\"https:\/\/ra-vogeler.de\/wp-content\/uploads\/2022\/05\/vogeler_website_visual-schema.jpeg\",\"width\":1920,\"height\":1080,\"caption\":\"Vogeler Rechtsanw\u00e4lte Partnerschaft mbB\"},\"image\":{\"@id\":\"https:\/\/ra-vogeler.de\/en\/#\/schema\/logo\/image\/\"},\"sameAs\":[\"https:\/\/www.linkedin.com\/company\/vogeler-rechtsanwaelte\/\"]}]}<\/script>\n<!-- \/ Yoast SEO plugin. -->","yoast_head_json":{"title":"Imprint - Vogeler Rechtsanw\u00e4lte","robots":{"index":"noindex","follow":"follow"},"og_locale":"en_US","og_type":"article","og_title":"Imprint - Vogeler Rechtsanw\u00e4lte","og_site_name":"Vogeler Rechtsanw\u00e4lte","article_modified_time":"2024-01-08T15:01:53+00:00","og_image":[{"width":1920,"height":1080,"url":"https:\/\/ra-vogeler.de\/wp-content\/uploads\/2022\/05\/vogeler_website_visual-schema.jpeg","type":"image\/jpeg"}],"twitter_card":"summary_large_image","twitter_misc":{"Est. reading time":"6 minutes"},"schema":{"@context":"https:\/\/schema.org","@graph":[{"@type":"WebPage","@id":"https:\/\/ra-vogeler.de\/en\/imprint\/","url":"https:\/\/ra-vogeler.de\/en\/imprint\/","name":"Imprint - Vogeler Rechtsanw\u00e4lte","isPartOf":{"@id":"https:\/\/ra-vogeler.de\/en\/#website"},"datePublished":"2021-12-15T11:14:38+00:00","dateModified":"2024-01-08T15:01:53+00:00","breadcrumb":{"@id":"https:\/\/ra-vogeler.de\/en\/imprint\/#breadcrumb"},"inLanguage":"en-US","potentialAction":[{"@type":"ReadAction","target":["https:\/\/ra-vogeler.de\/en\/imprint\/"]}]},{"@type":"BreadcrumbList","@id":"https:\/\/ra-vogeler.de\/en\/imprint\/#breadcrumb","itemListElement":[{"@type":"ListItem","position":1,"name":"Home","item":"https:\/\/ra-vogeler.de\/en\/"},{"@type":"ListItem","position":2,"name":"Imprint"}]},{"@type":"WebSite","@id":"https:\/\/ra-vogeler.de\/en\/#website","url":"https:\/\/ra-vogeler.de\/en\/","name":"Vogeler Rechtsanw\u00e4lte","description":"Eine Kanzlei. Zwei Spezialgebiete. Medizin- und Arzthaftungsrecht Internationales Flug- und Transportrecht","publisher":{"@id":"https:\/\/ra-vogeler.de\/en\/#organization"},"potentialAction":[{"@type":"SearchAction","target":{"@type":"EntryPoint","urlTemplate":"https:\/\/ra-vogeler.de\/en\/?s={search_term_string}"},"query-input":{"@type":"PropertyValueSpecification","valueRequired":true,"valueName":"search_term_string"}}],"inLanguage":"en-US"},{"@type":"Organization","@id":"https:\/\/ra-vogeler.de\/en\/#organization","name":"Vogeler Rechtsanw\u00e4lte Partnerschaft mbB","url":"https:\/\/ra-vogeler.de\/en\/","logo":{"@type":"ImageObject","inLanguage":"en-US","@id":"https:\/\/ra-vogeler.de\/en\/#\/schema\/logo\/image\/","url":"https:\/\/ra-vogeler.de\/wp-content\/uploads\/2022\/05\/vogeler_website_visual-schema.jpeg","contentUrl":"https:\/\/ra-vogeler.de\/wp-content\/uploads\/2022\/05\/vogeler_website_visual-schema.jpeg","width":1920,"height":1080,"caption":"Vogeler Rechtsanw\u00e4lte Partnerschaft mbB"},"image":{"@id":"https:\/\/ra-vogeler.de\/en\/#\/schema\/logo\/image\/"},"sameAs":["https:\/\/www.linkedin.com\/company\/vogeler-rechtsanwaelte\/"]}]}},"_links":{"self":[{"href":"https:\/\/ra-vogeler.de\/en\/wp-json\/wp\/v2\/pages\/36700","targetHints":{"allow":["GET"]}}],"collection":[{"href":"https:\/\/ra-vogeler.de\/en\/wp-json\/wp\/v2\/pages"}],"about":[{"href":"https:\/\/ra-vogeler.de\/en\/wp-json\/wp\/v2\/types\/page"}],"author":[{"embeddable":true,"href":"https:\/\/ra-vogeler.de\/en\/wp-json\/wp\/v2\/users\/1"}],"replies":[{"embeddable":true,"href":"https:\/\/ra-vogeler.de\/en\/wp-json\/wp\/v2\/comments?post=36700"}],"version-history":[{"count":12,"href":"https:\/\/ra-vogeler.de\/en\/wp-json\/wp\/v2\/pages\/36700\/revisions"}],"predecessor-version":[{"id":39464,"href":"https:\/\/ra-vogeler.de\/en\/wp-json\/wp\/v2\/pages\/36700\/revisions\/39464"}],"wp:attachment":[{"href":"https:\/\/ra-vogeler.de\/en\/wp-json\/wp\/v2\/media?parent=36700"}],"curies":[{"name":"wp","href":"https:\/\/api.w.org\/{rel}","templated":true}]}}